{"id":680,"date":"2022-02-23T18:35:43","date_gmt":"2022-02-23T17:35:43","guid":{"rendered":"https:\/\/www.dragontactics.com\/mentions-legales\/"},"modified":"2022-02-25T13:30:46","modified_gmt":"2022-02-25T12:30:46","slug":"mentions-legales","status":"publish","type":"page","link":"https:\/\/www.dragontactics.com\/fr\/mentions-legales\/","title":{"rendered":"Mentions l\u00e9gales"},"content":{"rendered":"\n\t<section class=\"section\" id=\"section_1620964792\">\n\t\t<div class=\"bg section-bg fill bg-fill  bg-loaded\" >\n\n\t\t\t\n\t\t\t\n\t\t\t\n\n\t\t<\/div>\n\n\t\t\n\n\t\t<div class=\"section-content relative\">\n\t\t\t\n\n<div class=\"row\"  id=\"row-999256053\">\n\n\n\t<div id=\"col-284656481\" class=\"col small-12 large-12\"  >\n\t\t\t\t<div class=\"col-inner\"  >\n\t\t\t\n\t\t\t\n\n<div class=\"container section-title-container main-section-title uppercase\" ><h1 class=\"section-title section-title-normal\"><b><\/b><span class=\"section-title-main\" style=\"color:rgb(0, 0, 0);\">Mentions l\u00e9gales<\/span><b><\/b><\/h1><\/div>\n\n<ol>\n<li><span style=\"font-weight: 400;\"> Pr\u00e9sentation du site.\u00a0<\/span><\/li>\n<\/ol>\n<p><span style=\"font-weight: 400;\">En vertu de l\u2019article 6 de la loi n\u00b0 2004-575 du 21 juin 2004 pour la confiance\u00a0 dans l\u2019\u00e9conomie num\u00e9rique, il est pr\u00e9cis\u00e9 aux utilisateurs du\u00a0 site <\/span><span style=\"font-weight: 400;\">www.dragontactics.com<\/span><span style=\"font-weight: 400;\">, l\u2019identit\u00e9 des diff\u00e9rents intervenants dans le cadre\u00a0 de sa r\u00e9alisation et de son suivi :\u00a0<\/span><\/p>\n<p><b>Propri\u00e9taire <\/b><span style=\"font-weight: 400;\">:<\/span><\/p>\n<p>Dragon Strategies BV<\/p>\n<p>Zuidwerflaan 6<\/p>\n<p>2594 CW The Hague<\/p>\n<p>The Netherlands<\/p>\n<p><b>Cr\u00e9ateur Digital Theory\u00a0<\/b><\/p>\n<p><b>Responsable publication <\/b><span style=\"font-weight: 400;\">: Alexandra Glanz \u2013 <\/span><span style=\"font-weight: 400;\">glanz.alexandra@digitaltheory.fr<\/span><span style=\"font-weight: 400;\"> Le responsable publication est une personne physique ou une personne morale.\u00a0<\/span><\/p>\n<p><b>H\u00e9bergeur <\/b><span style=\"font-weight: 400;\">: Serveur Digital Theory,\u00a0<\/span><\/p>\n<p><span style=\"font-weight: 400;\">7 rue George Sand 92500 Rueil Malmaison\u00a0<\/span><\/p>\n<ol start=\"2\">\n<li><span style=\"font-weight: 400;\"> Conditions g\u00e9n\u00e9rales d\u2019utilisation du site et des services propos\u00e9s.\u00a0<\/span><\/li>\n<\/ol>\n<p><span style=\"font-weight: 400;\">L\u2019utilisation du site <\/span><span style=\"font-weight: 400;\">www.<\/span><span style=\"font-weight: 400;\">dragontactics.com implique l\u2019acceptation pleine et\u00a0 enti\u00e8re des conditions g\u00e9n\u00e9rales d\u2019utilisation ci-apr\u00e8s d\u00e9crites. Ces conditions\u00a0 d\u2019utilisation sont susceptibles d\u2019\u00eatre modifi\u00e9es ou compl\u00e9t\u00e9es \u00e0 tout moment, les\u00a0 utilisateurs du <\/span><span style=\"font-weight: 400;\">www.<\/span><span style=\"font-weight: 400;\">dragontactics.com sont donc invit\u00e9s \u00e0 les consulter de\u00a0 mani\u00e8re r\u00e9guli\u00e8re.\u00a0<\/span><\/p>\n<p><span style=\"font-weight: 400;\">Ce site est normalement accessible \u00e0 tout moment aux utilisateurs. Une\u00a0 interruption pour raison de maintenance technique peut \u00eatre toutefois d\u00e9cid\u00e9e\u00a0 par les administrateurs du site, qui s\u2019efforcera alors de communiquer\u00a0 pr\u00e9alablement aux utilisateurs les dates et heures de l\u2019intervention.\u00a0<\/span><\/p>\n<p><span style=\"font-weight: 400;\">Le site <\/span><span style=\"font-weight: 400;\">www.<\/span><span style=\"font-weight: 400;\">dragontactics.com est mis \u00e0 jour r\u00e9guli\u00e8rement. De la m\u00eame fa\u00e7on,\u00a0 les mentions l\u00e9gales peuvent \u00eatre modifi\u00e9es \u00e0 tout moment : elles s\u2019imposent\u00a0 n\u00e9anmoins \u00e0 l\u2019utilisateur qui est invit\u00e9 \u00e0 s\u2019y r\u00e9f\u00e9rer le plus souvent possible afin\u00a0 d\u2019en prendre connaissance.\u00a0<\/span><\/p>\n<ol start=\"3\">\n<li><span style=\"font-weight: 400;\"> Description des services fournis.<\/span><\/li>\n<\/ol>\n<p><span style=\"font-weight: 400;\">Le site www.dragontactics.com a pour objet de fournir une information\u00a0 concernant l\u2019ensemble des activit\u00e9s de la soci\u00e9t\u00e9 et de la publication en France\u00a0 et \u00e0 l&rsquo;\u00e9tranger de l&rsquo;ouvrage Dragon Tactics co-\u00e9crit par (je te laisse mettre bien\u00a0 les pr\u00e9noms et noms stp)\u00a0<\/span><\/p>\n<p><span style=\"font-weight: 400;\">Les administrateurs s\u2019efforcent de fournir sur le site des informations aussi\u00a0 pr\u00e9cises que possible. Toutefois, il ne pourra \u00eatre tenue responsable des\u00a0 omissions, des inexactitudes et des carences dans la mise \u00e0 jour, qu\u2019elles soient\u00a0 de son fait ou du fait des tiers partenaires qui lui fournissent ces informations.\u00a0<\/span><\/p>\n<p><span style=\"font-weight: 400;\">Tous les informations indiqu\u00e9es sur le site sont donn\u00e9es \u00e0 titre indicatif, et sont\u00a0 susceptibles d\u2019\u00e9voluer. Par ailleurs, les renseignements figurant sur le site ne sont pas exhaustifs. Ils sont donn\u00e9s sous r\u00e9serve de modifications ayant \u00e9t\u00e9\u00a0 apport\u00e9es depuis leur mise en ligne.\u00a0<\/span><\/p>\n<ol start=\"4\">\n<li><span style=\"font-weight: 400;\"> Limitations contractuelles sur les donn\u00e9es techniques.\u00a0<\/span><\/li>\n<\/ol>\n<p><span style=\"font-weight: 400;\">Le site utilise la technologie JavaScript.\u00a0<\/span><\/p>\n<p><span style=\"font-weight: 400;\">Le site Internet ne pourra \u00eatre tenu responsable de dommages mat\u00e9riels li\u00e9s \u00e0\u00a0 l\u2019utilisation du site. De plus, l\u2019utilisateur du site s\u2019engage \u00e0 acc\u00e9der au site en\u00a0 utilisant un mat\u00e9riel r\u00e9cent, ne contenant pas de virus et avec un navigateur de\u00a0 derni\u00e8re g\u00e9n\u00e9ration mis-\u00e0-jour\u00a0<\/span><\/p>\n<ol start=\"5\">\n<li><span style=\"font-weight: 400;\"> Propri\u00e9t\u00e9 intellectuelle et contrefa\u00e7ons.\u00a0<\/span><\/li>\n<\/ol>\n<p><span style=\"font-weight: 400;\">La soci\u00e9t\u00e9 Dragon Strategies BV est propri\u00e9taire des\u00a0 droits de propri\u00e9t\u00e9 intellectuelle ou d\u00e9tient les droits d\u2019usage sur tous les\u00a0 \u00e9l\u00e9ments accessibles sur le site, notamment les textes, images, vid\u00e9os\u00a0 graphismes, logo, ic\u00f4nes, sons, logiciels.\u00a0<\/span><\/p>\n<p><span style=\"font-weight: 400;\">Toute reproduction, repr\u00e9sentation, modification, publication, adaptation de tout\u00a0 ou partie des \u00e9l\u00e9ments du site, quel que soit le moyen ou le proc\u00e9d\u00e9 utilis\u00e9, est\u00a0 interdite, sauf autorisation \u00e9crite pr\u00e9alable\u00a0\u00a0<\/span><\/p>\n<p><span style=\"font-weight: 400;\">de Dragon Strategies BV<\/span><\/p>\n<p><span style=\"font-weight: 400;\">Toute exploitation non autoris\u00e9e du site ou de l\u2019un quelconque des \u00e9l\u00e9ments\u00a0 qu\u2019il contient sera consid\u00e9r\u00e9e comme constitutive d\u2019une contrefa\u00e7on et\u00a0 poursuivie conform\u00e9ment aux dispositions des articles L.335-2 et suivants du\u00a0 Code de Propri\u00e9t\u00e9 Intellectuelle.<\/span><\/p>\n<ol start=\"6\">\n<li><span style=\"font-weight: 400;\"> Limitations de responsabilit\u00e9.\u00a0<\/span><\/li>\n<\/ol>\n<p><span style=\"font-weight: 400;\">Dragon Strategies BV ne pourra \u00eatre tenue responsable des dommages\u00a0 directs et indirects caus\u00e9s au mat\u00e9riel de l\u2019utilisateur, lors de l\u2019acc\u00e8s au site, et\u00a0 r\u00e9sultant soit de l\u2019utilisation d\u2019un mat\u00e9riel ne r\u00e9pondant pas aux sp\u00e9cifications\u00a0 indiqu\u00e9es au point 4, soit de l\u2019apparition d\u2019un bug ou d\u2019une incompatibilit\u00e9.\u00a0<\/span><\/p>\n<p><span style=\"font-weight: 400;\">DT ne pourra \u00e9galement \u00eatre tenue responsable des dommages indirects (tels\u00a0 par exemple qu\u2019une perte de march\u00e9 ou perte d\u2019une chance) cons\u00e9cutifs \u00e0\u00a0 l\u2019utilisation du site.\u00a0<\/span><\/p>\n<p><span style=\"font-weight: 400;\">Des espaces interactifs (possibilit\u00e9 de poser des questions dans l\u2019espace\u00a0 contact) sont \u00e0 la disposition des utilisateurs. Les administrateurs se r\u00e9servent le\u00a0 droit de supprimer, sans mise en demeure pr\u00e9alable, tout contenu d\u00e9pos\u00e9 dans\u00a0 cet espace qui contreviendrait \u00e0 la l\u00e9gislation applicable en France, en\u00a0 particulier aux dispositions relatives \u00e0 la protection des donn\u00e9es. Le cas\u00a0 \u00e9ch\u00e9ant, la soci\u00e9t\u00e9 Dragon Strategies BV se r\u00e9serve \u00e9galement la\u00a0 possibilit\u00e9 de mettre en cause la responsabilit\u00e9 civile et\/ou p\u00e9nale de\u00a0 l\u2019utilisateur, notamment en cas de message \u00e0 caract\u00e8re raciste, injurieux,\u00a0 diffamant, ou pornographique, quel que soit le support utilis\u00e9 (texte,\u00a0 photographie\u2026).\u00a0<\/span><\/p>\n<ol start=\"7\">\n<li><span style=\"font-weight: 400;\"> Gestion des donn\u00e9es personnelles.\u00a0<\/span><\/li>\n<\/ol>\n<p><span style=\"font-weight: 400;\">En France, les donn\u00e9es personnelles sont notamment prot\u00e9g\u00e9es par la loi n\u00b0 78- 87 du 6 janvier 1978, la loi n\u00b0 2004-801 du 6 ao\u00fbt 2004 et de la nouvelle loi\u00a0 RPGD 2019, l\u2019article L. 226-13 du Code p\u00e9nal et la Directive Europ\u00e9enne du 24\u00a0 octobre 1995.\u00a0<\/span><\/p>\n<p><span style=\"font-weight: 400;\">A l\u2019occasion de l\u2019utilisation du site peuvent \u00eatre recueillies : l\u2019URL des liens par\u00a0 l\u2019interm\u00e9diaire desquels l\u2019utilisateur a acc\u00e9d\u00e9 au site , le fournisseur d\u2019acc\u00e8s de\u00a0 l\u2019utilisateur, l\u2019adresse de protocole Internet (IP) de l\u2019utilisateur.\u00a0<\/span><\/p>\n<p><span style=\"font-weight: 400;\">En tout \u00e9tat de cause la soci\u00e9t\u00e9 Dragon Strategies BV ne collecte des\u00a0 informations personnelles relatives \u00e0 l\u2019utilisateur que pour le besoin de certains\u00a0 services propos\u00e9s par le site L\u2019utilisateur fournit ces informations en toute\u00a0 connaissance de cause, notamment lorsqu\u2019il proc\u00e8de par lui-m\u00eame \u00e0 leur saisie.\u00a0 Il est alors pr\u00e9cis\u00e9 \u00e0 l\u2019utilisateur du site l\u2019obligation ou non de fournir ces\u00a0 informations.\u00a0<\/span><\/p>\n<p><span style=\"font-weight: 400;\">Conform\u00e9ment aux dispositions des articles 38 et suivants de la loi 78-17 du 6\u00a0 janvier 1978 relative \u00e0 l\u2019informatique, aux fichiers et aux libert\u00e9s, tout utilisateur\u00a0<\/span><\/p>\n<p><span style=\"font-weight: 400;\">dispose d\u2019un droit d\u2019acc\u00e8s, de rectification et d\u2019opposition aux donn\u00e9es\u00a0 personnelles le concernant, en effectuant sa demande \u00e9crite et sign\u00e9e,\u00a0 accompagn\u00e9e d\u2019une copie du titre d\u2019identit\u00e9 avec signature du titulaire de la\u00a0 pi\u00e8ce, en pr\u00e9cisant l\u2019adresse \u00e0 laquelle la r\u00e9ponse doit \u00eatre envoy\u00e9e.\u00a0<\/span><\/p>\n<p><span style=\"font-weight: 400;\">Aucune information personnelle de l\u2019utilisateur du site n\u2019est publi\u00e9e \u00e0 l\u2019insu de\u00a0 l\u2019utilisateur, \u00e9chang\u00e9e, transf\u00e9r\u00e9e, c\u00e9d\u00e9e ou vendue sur un support quelconque\u00a0 \u00e0 des tiers. Seule l\u2019hypoth\u00e8se du rachat de la soci\u00e9t\u00e9\u00a0\u00a0<\/span><\/p>\n<p><span style=\"font-weight: 400;\">Dragon Strategies BV et de ses droits permettrait la transmission des dites\u00a0 informations \u00e0 l\u2019\u00e9ventuel acqu\u00e9reur qui serait \u00e0 son tour tenu de la m\u00eame\u00a0 obligation de conservation et de modification des donn\u00e9es vis \u00e0 vis de\u00a0 l\u2019utilisateur du site.\u00a0<\/span><\/p>\n<p><span style=\"font-weight: 400;\">Le site n\u2019est pas d\u00e9clar\u00e9 \u00e0 la CNIL car il ne recueille pas d\u2019informations\u00a0 personnelles. .\u00a0<\/span><\/p>\n<p><span style=\"font-weight: 400;\">Les bases de donn\u00e9es sont prot\u00e9g\u00e9es par les dispositions de la loi du 1er juillet\u00a0 1998 transposant la directive 96\/9 du 11 mars 1996 relative \u00e0 la protection\u00a0 juridique des bases de donn\u00e9es.\u00a0<\/span><\/p>\n<ol start=\"8\">\n<li><span style=\"font-weight: 400;\"> Liens hypertextes et cookies.\u00a0<\/span><\/li>\n<\/ol>\n<p><span style=\"font-weight: 400;\">Le site contient un certain nombre de liens hypertextes vers d\u2019autres sites, mis\u00a0 en place avec l\u2019autorisation de de la soci\u00e9t\u00e9\u00a0\u00a0<\/span><\/p>\n<p><span style=\"font-weight: 400;\">Dragon Strategies BV Cependant, la soci\u00e9t\u00e9\u00a0\u00a0<\/span><\/p>\n<p><span style=\"font-weight: 400;\">Dragon Strategies BV n\u2019a pas la possibilit\u00e9 de v\u00e9rifier le\u00a0 contenu des sites ainsi visit\u00e9s, et n\u2019assumera en cons\u00e9quence aucune\u00a0 responsabilit\u00e9 de ce fait.\u00a0<\/span><\/p>\n<p><span style=\"font-weight: 400;\">La navigation sur le site est susceptible de provoquer l\u2019installation de cookie(s)\u00a0 sur l\u2019ordinateur de l\u2019utilisateur. Un cookie est un fichier de petite taille, qui ne\u00a0 permet pas l\u2019identification de l\u2019utilisateur, mais qui enregistre des informations\u00a0 relatives \u00e0 la navigation d\u2019un ordinateur sur un site. Les donn\u00e9es ainsi obtenues\u00a0 visent \u00e0 faciliter la navigation ult\u00e9rieure sur le site, et ont \u00e9galement vocation \u00e0\u00a0 permettre diverses mesures de fr\u00e9quentation.\u00a0<\/span><\/p>\n<p><span style=\"font-weight: 400;\">Le refus d\u2019installation d\u2019un cookie peut entra\u00eener l\u2019impossibilit\u00e9 d\u2019acc\u00e9der \u00e0\u00a0 certains services. L\u2019utilisateur peut toutefois configurer son ordinateur de la\u00a0 mani\u00e8re suivante, pour refuser l\u2019installation des cookies :<\/span><\/p>\n<p><span style=\"font-weight: 400;\">Sous Internet Explorer : onglet outil (pictogramme en forme de rouage en haut a\u00a0 droite) \/ options internet. Cliquez sur Confidentialit\u00e9 et choisissez Bloquer tous\u00a0 les cookies. Validez sur Ok.\u00a0<\/span><\/p>\n<p><span style=\"font-weight: 400;\">Sous Firefox : en haut de la fen\u00eatre du navigateur, cliquez sur le bouton Firefox,\u00a0 puis aller dans l\u2019onglet Options. Cliquer sur l\u2019onglet Vie priv\u00e9e. Param\u00e9trez les\u00a0 R\u00e8gles de conservation sur : utiliser les param\u00e8tres personnalis\u00e9s pour\u00a0 l\u2019historique. Enfin d\u00e9cochez-la pour d\u00e9sactiver les cookies.\u00a0<\/span><\/p>\n<p><span style=\"font-weight: 400;\">Sous Safari : Cliquez en haut \u00e0 droite du navigateur sur le pictogramme de\u00a0 menu (symbolis\u00e9 par un rouage). S\u00e9lectionnez Param\u00e8tres. Cliquez sur Afficher\u00a0 les param\u00e8tres avanc\u00e9s. Dans la section \u00ab Confidentialit\u00e9 \u00bb, cliquez sur\u00a0 Param\u00e8tres de contenu. Dans la section \u00ab Cookies \u00bb, vous pouvez bloquer les\u00a0 cookies.\u00a0<\/span><\/p>\n<p><span style=\"font-weight: 400;\">Sous Chrome : Cliquez en haut \u00e0 droite du navigateur sur le pictogramme de\u00a0 menu (symbolis\u00e9 par trois lignes horizontales). S\u00e9lectionnez Param\u00e8tres.\u00a0 Cliquez sur Afficher les param\u00e8tres avanc\u00e9s. Dans la section \u00ab Confidentialit\u00e9 \u00bb,\u00a0 cliquez sur pr\u00e9f\u00e9rences. Dans l\u2019onglet \u00ab Confidentialit\u00e9 \u00bb, vous pouvez bloquer\u00a0 les cookies.\u00a0<\/span><\/p>\n<ol start=\"9\">\n<li><span style=\"font-weight: 400;\"> Droit applicable et attribution de juridiction.\u00a0<\/span><\/li>\n<\/ol>\n<p><span style=\"font-weight: 400;\">Tout litige en relation avec l\u2019utilisation du site est soumis au droit fran\u00e7ais. Il est\u00a0 fait attribution exclusive de juridiction aux tribunaux comp\u00e9tents\u00a0 de Dragon Strategies BV\u00a0<\/span><\/p>\n<ol start=\"10\">\n<li><span style=\"font-weight: 400;\"> Les principales lois concern\u00e9es.\u00a0<\/span><\/li>\n<\/ol>\n<p><span style=\"font-weight: 400;\">Loi n\u00b0 78-17 du 6 janvier 1978, notamment modifi\u00e9e par la loi n\u00b0 2004-801 du 6\u00a0 ao\u00fbt 2004 relative \u00e0 l\u2019informatique, aux fichiers et aux libert\u00e9s.\u00a0<\/span><\/p>\n<p><span style=\"font-weight: 400;\">Loi n\u00b0 2004-575 du 21 juin 2004 pour la confiance dans l\u2019\u00e9conomie num\u00e9rique. <\/span><span style=\"font-weight: 400;\">11. Lexique.\u00a0<\/span><\/p>\n<p><span style=\"font-weight: 400;\">Utilisateur : Internaute se connectant, utilisant le site susnomm\u00e9.<\/span><\/p>\n<p><span style=\"font-weight: 400;\">Informations personnelles : \u00ab les informations qui permettent, sous quelque\u00a0 forme que ce soit, directement ou non, l\u2019identification des personnes physiques\u00a0 auxquelles elles s\u2019appliquent \u00bb (article 4 de la loi n\u00b0 78-17 du 6 janvier 1978) <\/span><\/p>\n\n\t\t<\/div>\n\t\t\t\t\t<\/div>\n\n\t\n\n<\/div>\n\n\t\t<\/div>\n\n\t\t\n<style>\n#section_1620964792 {\n  padding-top: 30px;\n  padding-bottom: 30px;\n}\n#section_1620964792 .ux-shape-divider--top svg {\n  height: 150px;\n  --divider-top-width: 100%;\n}\n#section_1620964792 .ux-shape-divider--bottom svg {\n  height: 150px;\n  --divider-width: 100%;\n}\n<\/style>\n\t<\/section>\n\t\n\n","protected":false},"excerpt":{"rendered":"","protected":false},"author":1,"featured_media":0,"parent":0,"menu_order":0,"comment_status":"closed","ping_status":"closed","template":"","meta":{"footnotes":""},"class_list":["post-680","page","type-page","status-publish","hentry"],"yoast_head":"<!-- This site is optimized with the Yoast SEO plugin v21.1 - https:\/\/yoast.com\/wordpress\/plugins\/seo\/ -->\n<title>Mentions l\u00e9gales - Dragon Tactics<\/title>\n<meta name=\"robots\" content=\"index, follow, max-snippet:-1, max-image-preview:large, max-video-preview:-1\" \/>\n<link rel=\"canonical\" href=\"https:\/\/www.dragontactics.com\/fr\/mentions-legales\/\" \/>\n<meta property=\"og:locale\" content=\"fr_FR\" \/>\n<meta property=\"og:type\" content=\"article\" \/>\n<meta property=\"og:title\" content=\"Mentions l\u00e9gales - Dragon Tactics\" \/>\n<meta property=\"og:url\" content=\"https:\/\/www.dragontactics.com\/fr\/mentions-legales\/\" \/>\n<meta property=\"og:site_name\" content=\"Dragon Tactics\" \/>\n<meta property=\"article:modified_time\" content=\"2022-02-25T12:30:46+00:00\" \/>\n<meta name=\"twitter:card\" content=\"summary_large_image\" \/>\n<meta name=\"twitter:label1\" content=\"Dur\u00e9e de lecture estim\u00e9e\" \/>\n\t<meta name=\"twitter:data1\" content=\"8 minutes\" \/>\n<script type=\"application\/ld+json\" class=\"yoast-schema-graph\">{\"@context\":\"https:\/\/schema.org\",\"@graph\":[{\"@type\":\"WebPage\",\"@id\":\"https:\/\/www.dragontactics.com\/fr\/mentions-legales\/\",\"url\":\"https:\/\/www.dragontactics.com\/fr\/mentions-legales\/\",\"name\":\"Mentions l\u00e9gales - Dragon Tactics\",\"isPartOf\":{\"@id\":\"https:\/\/www.dragontactics.com\/#website\"},\"datePublished\":\"2022-02-23T17:35:43+00:00\",\"dateModified\":\"2022-02-25T12:30:46+00:00\",\"breadcrumb\":{\"@id\":\"https:\/\/www.dragontactics.com\/fr\/mentions-legales\/#breadcrumb\"},\"inLanguage\":\"fr-FR\",\"potentialAction\":[{\"@type\":\"ReadAction\",\"target\":[\"https:\/\/www.dragontactics.com\/fr\/mentions-legales\/\"]}]},{\"@type\":\"BreadcrumbList\",\"@id\":\"https:\/\/www.dragontactics.com\/fr\/mentions-legales\/#breadcrumb\",\"itemListElement\":[{\"@type\":\"ListItem\",\"position\":1,\"name\":\"Home\",\"item\":\"https:\/\/www.dragontactics.com\/zh-hans\/\"},{\"@type\":\"ListItem\",\"position\":2,\"name\":\"Mentions l\u00e9gales\"}]},{\"@type\":\"WebSite\",\"@id\":\"https:\/\/www.dragontactics.com\/#website\",\"url\":\"https:\/\/www.dragontactics.com\/\",\"name\":\"Dragon Tactics\",\"description\":\"How Chinese Entrepreneurs Thrive in Uncertainty\",\"potentialAction\":[{\"@type\":\"SearchAction\",\"target\":{\"@type\":\"EntryPoint\",\"urlTemplate\":\"https:\/\/www.dragontactics.com\/?s={search_term_string}\"},\"query-input\":\"required name=search_term_string\"}],\"inLanguage\":\"fr-FR\"}]}<\/script>\n<!-- \/ Yoast SEO plugin. -->","yoast_head_json":{"title":"Mentions l\u00e9gales - Dragon Tactics","robots":{"index":"index","follow":"follow","max-snippet":"max-snippet:-1","max-image-preview":"max-image-preview:large","max-video-preview":"max-video-preview:-1"},"canonical":"https:\/\/www.dragontactics.com\/fr\/mentions-legales\/","og_locale":"fr_FR","og_type":"article","og_title":"Mentions l\u00e9gales - Dragon Tactics","og_url":"https:\/\/www.dragontactics.com\/fr\/mentions-legales\/","og_site_name":"Dragon Tactics","article_modified_time":"2022-02-25T12:30:46+00:00","twitter_card":"summary_large_image","twitter_misc":{"Dur\u00e9e de lecture estim\u00e9e":"8 minutes"},"schema":{"@context":"https:\/\/schema.org","@graph":[{"@type":"WebPage","@id":"https:\/\/www.dragontactics.com\/fr\/mentions-legales\/","url":"https:\/\/www.dragontactics.com\/fr\/mentions-legales\/","name":"Mentions l\u00e9gales - Dragon Tactics","isPartOf":{"@id":"https:\/\/www.dragontactics.com\/#website"},"datePublished":"2022-02-23T17:35:43+00:00","dateModified":"2022-02-25T12:30:46+00:00","breadcrumb":{"@id":"https:\/\/www.dragontactics.com\/fr\/mentions-legales\/#breadcrumb"},"inLanguage":"fr-FR","potentialAction":[{"@type":"ReadAction","target":["https:\/\/www.dragontactics.com\/fr\/mentions-legales\/"]}]},{"@type":"BreadcrumbList","@id":"https:\/\/www.dragontactics.com\/fr\/mentions-legales\/#breadcrumb","itemListElement":[{"@type":"ListItem","position":1,"name":"Home","item":"https:\/\/www.dragontactics.com\/zh-hans\/"},{"@type":"ListItem","position":2,"name":"Mentions l\u00e9gales"}]},{"@type":"WebSite","@id":"https:\/\/www.dragontactics.com\/#website","url":"https:\/\/www.dragontactics.com\/","name":"Dragon Tactics","description":"How Chinese Entrepreneurs Thrive in Uncertainty","potentialAction":[{"@type":"SearchAction","target":{"@type":"EntryPoint","urlTemplate":"https:\/\/www.dragontactics.com\/?s={search_term_string}"},"query-input":"required name=search_term_string"}],"inLanguage":"fr-FR"}]}},"_links":{"self":[{"href":"https:\/\/www.dragontactics.com\/fr\/wp-json\/wp\/v2\/pages\/680","targetHints":{"allow":["GET"]}}],"collection":[{"href":"https:\/\/www.dragontactics.com\/fr\/wp-json\/wp\/v2\/pages"}],"about":[{"href":"https:\/\/www.dragontactics.com\/fr\/wp-json\/wp\/v2\/types\/page"}],"author":[{"embeddable":true,"href":"https:\/\/www.dragontactics.com\/fr\/wp-json\/wp\/v2\/users\/1"}],"replies":[{"embeddable":true,"href":"https:\/\/www.dragontactics.com\/fr\/wp-json\/wp\/v2\/comments?post=680"}],"version-history":[{"count":3,"href":"https:\/\/www.dragontactics.com\/fr\/wp-json\/wp\/v2\/pages\/680\/revisions"}],"predecessor-version":[{"id":720,"href":"https:\/\/www.dragontactics.com\/fr\/wp-json\/wp\/v2\/pages\/680\/revisions\/720"}],"wp:attachment":[{"href":"https:\/\/www.dragontactics.com\/fr\/wp-json\/wp\/v2\/media?parent=680"}],"curies":[{"name":"wp","href":"https:\/\/api.w.org\/{rel}","templated":true}]}}